{"id":26,"date":"2026-02-03T12:59:20","date_gmt":"2026-02-03T10:59:20","guid":{"rendered":"https:\/\/wp-studio.fi\/?page_id=26"},"modified":"2026-02-03T15:14:01","modified_gmt":"2026-02-03T13:14:01","slug":"frontpage","status":"publish","type":"page","link":"https:\/\/wp-studio.fi\/","title":{"rendered":"EtusivuC"},"content":{"rendered":"\n<div class=\"wp-block-cover aligncenter\" style=\"min-height:70vh;aspect-ratio:unset;\"><img loading=\"lazy\" decoding=\"async\" width=\"1024\" height=\"683\" class=\"wp-block-cover__image-background wp-image-12 size-large\" alt=\"\" src=\"https:\/\/wp-studio.fi\/wp-content\/uploads\/2026\/01\/ivan-torres-MQUqbmszGGM-unsplash-3-1024x683.jpg\" data-object-fit=\"cover\" srcset=\"https:\/\/wp-studio.fi\/wp-content\/uploads\/2026\/01\/ivan-torres-MQUqbmszGGM-unsplash-3-1024x683.jpg 1024w, https:\/\/wp-studio.fi\/wp-content\/uploads\/2026\/01\/ivan-torres-MQUqbmszGGM-unsplash-3-300x200.jpg 300w, https:\/\/wp-studio.fi\/wp-content\/uploads\/2026\/01\/ivan-torres-MQUqbmszGGM-unsplash-3-768x512.jpg 768w, https:\/\/wp-studio.fi\/wp-content\/uploads\/2026\/01\/ivan-torres-MQUqbmszGGM-unsplash-3-1536x1024.jpg 1536w, https:\/\/wp-studio.fi\/wp-content\/uploads\/2026\/01\/ivan-torres-MQUqbmszGGM-unsplash-3-2048x1365.jpg 2048w\" sizes=\"auto, (max-width: 1024px) 100vw, 1024px\" \/><span aria-hidden=\"true\" class=\"wp-block-cover__background has-theme-palette-8-background-color has-background-dim-60 has-background-dim\"><\/span><div class=\"wp-block-cover__inner-container is-layout-constrained wp-block-cover-is-layout-constrained\">\n<h2 class=\"wp-block-heading has-text-align-center\">Demo Ravintola<\/h2>\n\n\n\n<p class=\"has-text-align-center\">Pizzat, kebabit ja burgerit \u2013 nouto ja kotiinkuljetus<\/p>\n\n\n\n<div class=\"glf-center\">\n  <span class=\"glf-button\"\n        data-glf-cuid=\"fe3440ff-40e8-4a4c-8e7d-5be3b33aa7f0\"\n        data-glf-ruid=\"11c16ee2-7c4e-44e2-8b3f-19159071d8b1\">\n    Tilaa nyt\n  <\/span>\n<\/div>\n\n<script src=\"https:\/\/www.fbgcdn.com\/embedder\/js\/ewm2.js\" defer async><\/script>\n\n<style>\n  .glf-center {\n    display: flex;\n    justify-content: center;\n    width: 100%;\n    margin-top: 32px;\n  }\n\n  .glf-center .glf-button,\n  .glf-center .glf-button a,\n  .glf-center .glf-button button {\n    display: inline-flex !important;\n    align-items: center;\n    justify-content: center;\n    padding: 14px 32px;\n    border-radius: 999px;\n    background: #E23D28 !important;\n    color: #fff !important;\n    font-weight: 700;\n    font-size: 16px;\n    border: 0;\n    cursor: pointer;\n    text-decoration: none;\n  }\n\n  .glf-center .glf-button:hover,\n  .glf-center .glf-button a:hover,\n  .glf-center .glf-button button:hover {\n    background: #B72F1F !important;\n  }\n<\/style>\n<\/div><\/div>\n\n\n\n<div class=\"wp-block-group has-background\" style=\"background-color:#010101;padding-top:60px;padding-bottom:60px\"><div class=\"wp-block-group__inner-container is-layout-constrained wp-block-group-is-layout-constrained\">\n<div class=\"wp-block-columns is-layout-flex wp-container-core-columns-is-layout-f9d03155 wp-block-columns-is-layout-flex\" style=\"margin-top:0;margin-bottom:0;padding-top:0;padding-bottom:0\">\n<div class=\"wp-block-column is-vertically-aligned-center is-layout-flow wp-block-column-is-layout-flow\">\n<h2 class=\"wp-block-heading has-text-align-center\">Nopea tilaus<\/h2>\n\n\n\n<p class=\"has-text-align-center\">Tilaa verkossa helposti ja nopeasti.<\/p>\n\n\n\n<hr class=\"wp-block-separator has-alpha-channel-opacity\"\/>\n<\/div>\n\n\n\n<div class=\"wp-block-column is-vertically-aligned-center is-layout-flow wp-block-column-is-layout-flow\">\n<h2 class=\"wp-block-heading has-text-align-center\">Reilut annokset<\/h2>\n\n\n\n<p class=\"has-text-align-center\">T\u00e4ytt\u00e4v\u00e4\u00e4 ruokaa ilman kikkailua.<\/p>\n\n\n\n<hr class=\"wp-block-separator has-alpha-channel-opacity\"\/>\n<\/div>\n\n\n\n<div class=\"wp-block-column is-vertically-aligned-center is-layout-flow wp-block-column-is-layout-flow\">\n<h2 class=\"wp-block-heading has-text-align-center\">Auki my\u00f6h\u00e4\u00e4n<\/h2>\n\n\n\n<p class=\"has-text-align-center\">Kun n\u00e4lk\u00e4 yll\u00e4tt\u00e4\u00e4, me palvellaan.<\/p>\n\n\n\n<hr class=\"wp-block-separator has-alpha-channel-opacity\"\/>\n<\/div>\n<\/div>\n<\/div><\/div>\n\n\n\n<div class=\"wp-block-group has-background\" style=\"background-color:#553718;margin-top:0;margin-bottom:0;padding-top:80px;padding-right:0;padding-bottom:80px;padding-left:0\"><div class=\"wp-block-group__inner-container is-layout-constrained wp-container-core-group-is-layout-83feebd4 wp-block-group-is-layout-constrained\">\n<h2 class=\"wp-block-heading has-text-align-center\">Valikoimamme<\/h2>\n\n\n\n<div class=\"wp-block-columns is-layout-flex wp-container-core-columns-is-layout-da476ddf wp-block-columns-is-layout-flex\" style=\"padding-right:var(--wp--preset--spacing--60);padding-left:var(--wp--preset--spacing--60)\">\n<div class=\"wp-block-column is-layout-flow wp-block-column-is-layout-flow\">\n<div class=\"wp-block-columns is-layout-flex wp-container-core-columns-is-layout-9d6595d7 wp-block-columns-is-layout-flex\">\n<div class=\"wp-block-column is-layout-flow wp-block-column-is-layout-flow\">\n<figure class=\"wp-block-image size-large\"><img loading=\"lazy\" decoding=\"async\" width=\"847\" height=\"1024\" src=\"https:\/\/wp-studio.fi\/wp-content\/uploads\/2026\/01\/chad-montano-MqT0asuoIcU-unsplash-847x1024.jpg\" alt=\"\" class=\"wp-image-8\" style=\"aspect-ratio:3\/4;object-fit:cover\" srcset=\"https:\/\/wp-studio.fi\/wp-content\/uploads\/2026\/01\/chad-montano-MqT0asuoIcU-unsplash-847x1024.jpg 847w, https:\/\/wp-studio.fi\/wp-content\/uploads\/2026\/01\/chad-montano-MqT0asuoIcU-unsplash-248x300.jpg 248w, https:\/\/wp-studio.fi\/wp-content\/uploads\/2026\/01\/chad-montano-MqT0asuoIcU-unsplash-768x928.jpg 768w, https:\/\/wp-studio.fi\/wp-content\/uploads\/2026\/01\/chad-montano-MqT0asuoIcU-unsplash-1271x1536.jpg 1271w, https:\/\/wp-studio.fi\/wp-content\/uploads\/2026\/01\/chad-montano-MqT0asuoIcU-unsplash-1695x2048.jpg 1695w\" sizes=\"auto, (max-width: 847px) 100vw, 847px\" \/><\/figure>\n\n\n\n<h3 class=\"wp-block-heading\">Pizzat<\/h3>\n\n\n\n<p>Klassikot ja t\u00e4ytt\u00e4v\u00e4t suosikit<\/p>\n<\/div>\n\n\n\n<div class=\"wp-block-column is-layout-flow wp-block-column-is-layout-flow\">\n<figure class=\"wp-block-image size-large\"><img loading=\"lazy\" decoding=\"async\" width=\"1024\" height=\"683\" src=\"https:\/\/wp-studio.fi\/wp-content\/uploads\/2026\/02\/vegan-foods-product-T9TZk823XYU-unsplash-1024x683.jpg\" alt=\"\" class=\"wp-image-44\" style=\"aspect-ratio:3\/4;object-fit:cover\" srcset=\"https:\/\/wp-studio.fi\/wp-content\/uploads\/2026\/02\/vegan-foods-product-T9TZk823XYU-unsplash-1024x683.jpg 1024w, https:\/\/wp-studio.fi\/wp-content\/uploads\/2026\/02\/vegan-foods-product-T9TZk823XYU-unsplash-300x200.jpg 300w, https:\/\/wp-studio.fi\/wp-content\/uploads\/2026\/02\/vegan-foods-product-T9TZk823XYU-unsplash-768x512.jpg 768w, https:\/\/wp-studio.fi\/wp-content\/uploads\/2026\/02\/vegan-foods-product-T9TZk823XYU-unsplash-1536x1024.jpg 1536w, https:\/\/wp-studio.fi\/wp-content\/uploads\/2026\/02\/vegan-foods-product-T9TZk823XYU-unsplash-2048x1365.jpg 2048w\" sizes=\"auto, (max-width: 1024px) 100vw, 1024px\" \/><\/figure>\n\n\n\n<h3 class=\"wp-block-heading\">Kebab &amp; kana<\/h3>\n\n\n\n<p>Reilut annokset moneen makuun<\/p>\n<\/div>\n<\/div>\n<\/div>\n\n\n\n<div class=\"wp-block-column is-layout-flow wp-block-column-is-layout-flow\">\n<div class=\"wp-block-columns is-layout-flex wp-container-core-columns-is-layout-9d6595d7 wp-block-columns-is-layout-flex\">\n<div class=\"wp-block-column is-layout-flow wp-block-column-is-layout-flow\">\n<figure class=\"wp-block-image size-large\"><img loading=\"lazy\" decoding=\"async\" width=\"1024\" height=\"684\" src=\"https:\/\/wp-studio.fi\/wp-content\/uploads\/2026\/02\/sk-uVPV_nV17Tw-unsplash-1024x684.jpg\" alt=\"\" class=\"wp-image-43\" style=\"aspect-ratio:3\/4;object-fit:cover\" srcset=\"https:\/\/wp-studio.fi\/wp-content\/uploads\/2026\/02\/sk-uVPV_nV17Tw-unsplash-1024x684.jpg 1024w, https:\/\/wp-studio.fi\/wp-content\/uploads\/2026\/02\/sk-uVPV_nV17Tw-unsplash-300x200.jpg 300w, https:\/\/wp-studio.fi\/wp-content\/uploads\/2026\/02\/sk-uVPV_nV17Tw-unsplash-768x513.jpg 768w, https:\/\/wp-studio.fi\/wp-content\/uploads\/2026\/02\/sk-uVPV_nV17Tw-unsplash-1536x1025.jpg 1536w, https:\/\/wp-studio.fi\/wp-content\/uploads\/2026\/02\/sk-uVPV_nV17Tw-unsplash-2048x1367.jpg 2048w\" sizes=\"auto, (max-width: 1024px) 100vw, 1024px\" \/><\/figure>\n\n\n\n<h3 class=\"wp-block-heading\">Burgerit<\/h3>\n\n\n\n<p>Mehev\u00e4t ja t\u00e4ytt\u00e4v\u00e4t<\/p>\n<\/div>\n\n\n\n<div class=\"wp-block-column is-layout-flow wp-block-column-is-layout-flow\">\n<figure class=\"wp-block-image size-large\" style=\"margin-right:0;margin-left:0\"><img loading=\"lazy\" decoding=\"async\" width=\"819\" height=\"1024\" src=\"https:\/\/wp-studio.fi\/wp-content\/uploads\/2026\/02\/sonny-mauricio-yhc4pSbl01A-unsplash-819x1024.jpg\" alt=\"\" class=\"wp-image-41\" style=\"aspect-ratio:3\/4;object-fit:cover\" srcset=\"https:\/\/wp-studio.fi\/wp-content\/uploads\/2026\/02\/sonny-mauricio-yhc4pSbl01A-unsplash-819x1024.jpg 819w, https:\/\/wp-studio.fi\/wp-content\/uploads\/2026\/02\/sonny-mauricio-yhc4pSbl01A-unsplash-240x300.jpg 240w, https:\/\/wp-studio.fi\/wp-content\/uploads\/2026\/02\/sonny-mauricio-yhc4pSbl01A-unsplash-768x960.jpg 768w, https:\/\/wp-studio.fi\/wp-content\/uploads\/2026\/02\/sonny-mauricio-yhc4pSbl01A-unsplash-1229x1536.jpg 1229w, https:\/\/wp-studio.fi\/wp-content\/uploads\/2026\/02\/sonny-mauricio-yhc4pSbl01A-unsplash-1638x2048.jpg 1638w, https:\/\/wp-studio.fi\/wp-content\/uploads\/2026\/02\/sonny-mauricio-yhc4pSbl01A-unsplash-scaled.jpg 2048w\" sizes=\"auto, (max-width: 819px) 100vw, 819px\" \/><\/figure>\n\n\n\n<h3 class=\"wp-block-heading\">Salaatit<\/h3>\n\n\n\n<p>Kevyempi\u00e4 vaihtoehtoja<\/p>\n<\/div>\n<\/div>\n<\/div>\n<\/div>\n<\/div><\/div>\n\n\n\n<div class=\"wp-block-group has-background\" style=\"border-style:none;border-width:0px;background-color:#0e101403;padding-top:71px;padding-right:0;padding-bottom:71px;padding-left:0\"><div class=\"wp-block-group__inner-container is-layout-constrained wp-container-core-group-is-layout-cae6a462 wp-block-group-is-layout-constrained\">\n<h2 class=\"wp-block-heading has-text-align-center\">N\u00e4lk\u00e4 ei odota<\/h2>\n\n\n\n<p class=\"has-text-align-center\">Tilaa helposti verkossa \u2013 noutoon tai kotiin.<\/p>\n\n\n\n<div class=\"glf-center\">\n  <span class=\"glf-button\"\n        data-glf-cuid=\"fe3440ff-40e8-4a4c-8e7d-5be3b33aa7f0\"\n        data-glf-ruid=\"11c16ee2-7c4e-44e2-8b3f-19159071d8b1\">\n    Tilaa nyt\n  <\/span>\n<\/div>\n\n<script src=\"https:\/\/www.fbgcdn.com\/embedder\/js\/ewm2.js\" defer async><\/script>\n\n<style>\n  .glf-center {\n    display: flex;\n    justify-content: center;\n    width: 100%;\n    margin-top: 32px;\n  }\n\n  .glf-center .glf-button,\n  .glf-center .glf-button a,\n  .glf-center .glf-button button {\n    display: inline-flex !important;\n    align-items: center;\n    justify-content: center;\n    padding: 14px 32px;\n    border-radius: 999px;\n    background: #E23D28 !important;\n    color: #fff !important;\n    font-weight: 700;\n    font-size: 16px;\n    border: 0;\n    cursor: pointer;\n    text-decoration: none;\n  }\n\n  .glf-center .glf-button:hover,\n  .glf-center .glf-button a:hover,\n  .glf-center .glf-button button:hover {\n    background: #B72F1F !important;\n  }\n<\/style>\n<\/div><\/div>\n\n\n\n<div class=\"wp-block-group has-background\" style=\"background-color:#553718;padding-top:80px;padding-bottom:80px\"><div class=\"wp-block-group__inner-container is-layout-constrained wp-block-group-is-layout-constrained\">\n<div class=\"wp-block-columns is-layout-flex wp-container-core-columns-is-layout-9d6595d7 wp-block-columns-is-layout-flex\">\n<div class=\"wp-block-column is-layout-flow wp-block-column-is-layout-flow\">\n<h2 class=\"wp-block-heading\">Yhteystiedot<\/h2>\n\n\n\n<p>Osoite<\/p>\n\n\n\n<p>Aukioloajat<\/p>\n\n\n\n<p>Puhelinnumero<\/p>\n<\/div>\n\n\n\n<div class=\"wp-block-column is-layout-flow wp-block-column-is-layout-flow\">\n<iframe src=\"https:\/\/www.google.com\/maps\/embed?pb=!1m18!1m12!1m3!1d1879.3953129931415!2d24.76388911261107!3d60.2029294749451!2m3!1f0!2f0!3f0!3m2!1i1024!2i768!4f13.1!3m3!1m2!1s0x468df4313394f15b%3A0x73d14994013aa679!2sVehkam%C3%A4ki%203%2C%2002180%20Espoo!5e1!3m2!1sen!2sfi!4v1770118245983!5m2!1sen!2sfi\" width=\"600\" height=\"450\" style=\"border:0;\" allowfullscreen=\"\" loading=\"lazy\" referrerpolicy=\"no-referrer-when-downgrade\"><\/iframe>\n<\/div>\n<\/div>\n<\/div><\/div>\n\n\n\n<div class=\"wp-block-group alignfull has-background-color has-white-color has-black-background-color has-text-color has-background has-link-color wp-elements-d133c39a2969069675e68e8f60dad385 is-vertical is-content-justification-stretch is-layout-flex wp-container-core-group-is-layout-47eb2bc5 wp-block-group-is-layout-flex\" style=\"min-height:40vh;margin-top:0;margin-bottom:0;padding-top:var(--wp--preset--spacing--60);padding-right:var(--wp--preset--spacing--40);padding-bottom:var(--wp--preset--spacing--60);padding-left:var(--wp--preset--spacing--40)\">\n<div class=\"wp-block-columns alignwide has-small-font-size is-layout-flex wp-container-core-columns-is-layout-9d6595d7 wp-block-columns-is-layout-flex\">\n<div class=\"wp-block-column is-layout-flow wp-block-column-is-layout-flow\">\n<p class=\"has-text-align-center\">Location<\/p>\n\n\n\n<p class=\"has-text-align-center\">2020 Lomita Blvd,&nbsp;<br>Torrance, CA 90101<br>United States<\/p>\n\n\n\n<div style=\"height:24px\" aria-hidden=\"true\" class=\"wp-block-spacer\"><\/div>\n<\/div>\n\n\n\n<div class=\"wp-block-column is-layout-flow wp-block-column-is-layout-flow\">\n<p class=\"has-text-align-center\">Pages<\/p>\n\n\n<nav class=\"has-small-font-size items-justified-center is-vertical no-wrap wp-block-navigation is-content-justification-center is-nowrap is-layout-flex wp-container-core-navigation-is-layout-685400d0 wp-block-navigation-is-layout-flex\" aria-label=\"Navigation\"><ul class=\"wp-block-navigation__container has-small-font-size items-justified-center is-vertical no-wrap wp-block-navigation has-small-font-size\"><ul class=\"has-small-font-size wp-block-page-list\"><li class=\"wp-block-pages-list__item wp-block-navigation-item open-on-hover-click\"><a class=\"wp-block-pages-list__item__link wp-block-navigation-item__content\" href=\"https:\/\/wp-studio.fi\/index.php\/etusivu\/\">EtusivuA<\/a><\/li><li class=\"wp-block-pages-list__item wp-block-navigation-item open-on-hover-click\"><a class=\"wp-block-pages-list__item__link wp-block-navigation-item__content\" href=\"https:\/\/wp-studio.fi\/index.php\/etusivub\/\">EtusivuB<\/a><\/li><li class=\"wp-block-pages-list__item wp-block-navigation-item open-on-hover-click menu-item-home\"><a class=\"wp-block-pages-list__item__link wp-block-navigation-item__content\" href=\"https:\/\/wp-studio.fi\/\">EtusivuC<\/a><\/li><\/ul><\/ul><\/nav>\n\n\n<div style=\"height:24px\" aria-hidden=\"true\" class=\"wp-block-spacer\"><\/div>\n<\/div>\n\n\n\n<div class=\"wp-block-column is-layout-flow wp-block-column-is-layout-flow\">\n<p class=\"has-text-align-center\">Follow us<\/p>\n\n\n\n<div class=\"wp-block-group is-vertical is-content-justification-center is-layout-flex wp-container-core-group-is-layout-bdd043ae wp-block-group-is-layout-flex\">\n<p><a href=\"#\">Facebook<\/a><\/p>\n\n\n\n<p><a href=\"#\">Instagram<\/a><\/p>\n\n\n\n<p><a href=\"#\">Twitter<\/a><\/p>\n<\/div>\n\n\n\n<div style=\"height:24px\" aria-hidden=\"true\" class=\"wp-block-spacer\"><\/div>\n<\/div>\n<\/div>\n\n\n\n<div class=\"wp-block-group alignwide is-content-justification-center is-layout-flex wp-container-core-group-is-layout-5590e8cb wp-block-group-is-layout-flex\">\n<p class=\"has-text-align-center has-small-font-size\"> Proudly powered by <a rel=\"nofollow\" href=\"https:\/\/wordpress.org\">WordPress<\/a> <\/p>\n<\/div>\n<\/div>\n","protected":false},"excerpt":{"rendered":"<p>Nopea tilaus Tilaa verkossa helposti ja nopeasti. Reilut annokset T\u00e4ytt\u00e4v\u00e4\u00e4 ruokaa ilman kikkailua. Auki my\u00f6h\u00e4\u00e4n Kun n\u00e4lk\u00e4 yll\u00e4tt\u00e4\u00e4, me palvellaan. Valikoimamme Pizzat Klassikot ja t\u00e4ytt\u00e4v\u00e4t suosikit Kebab &amp; kana Reilut annokset moneen makuun Burgerit Mehev\u00e4t ja t\u00e4ytt\u00e4v\u00e4t Salaatit Kevyempi\u00e4 vaihtoehtoja N\u00e4lk\u00e4 ei odota Tilaa helposti verkossa \u2013 noutoon tai kotiin. Tilaa nyt Yhteystiedot Osoite Aukioloajat&#8230;<\/p>\n","protected":false},"author":1,"featured_media":0,"parent":0,"menu_order":0,"comment_status":"closed","ping_status":"closed","template":"","meta":{"_kad_post_transparent":"default","_kad_post_title":"hide","_kad_post_layout":"fullwidth","_kad_post_sidebar_id":"","_kad_post_content_style":"","_kad_post_vertical_padding":"","_kad_post_feature":"","_kad_post_feature_position":"","_kad_post_header":false,"_kad_post_footer":false,"_kad_post_classname":"","footnotes":""},"class_list":["post-26","page","type-page","status-publish","hentry"],"_links":{"self":[{"href":"https:\/\/wp-studio.fi\/index.php\/wp-json\/wp\/v2\/pages\/26","targetHints":{"allow":["GET"]}}],"collection":[{"href":"https:\/\/wp-studio.fi\/index.php\/wp-json\/wp\/v2\/pages"}],"about":[{"href":"https:\/\/wp-studio.fi\/index.php\/wp-json\/wp\/v2\/types\/page"}],"author":[{"embeddable":true,"href":"https:\/\/wp-studio.fi\/index.php\/wp-json\/wp\/v2\/users\/1"}],"replies":[{"embeddable":true,"href":"https:\/\/wp-studio.fi\/index.php\/wp-json\/wp\/v2\/comments?post=26"}],"version-history":[{"count":12,"href":"https:\/\/wp-studio.fi\/index.php\/wp-json\/wp\/v2\/pages\/26\/revisions"}],"predecessor-version":[{"id":67,"href":"https:\/\/wp-studio.fi\/index.php\/wp-json\/wp\/v2\/pages\/26\/revisions\/67"}],"wp:attachment":[{"href":"https:\/\/wp-studio.fi\/index.php\/wp-json\/wp\/v2\/media?parent=26"}],"curies":[{"name":"wp","href":"https:\/\/api.w.org\/{rel}","templated":true}]}}