{"id":48,"date":"2026-02-03T14:32:49","date_gmt":"2026-02-03T12:32:49","guid":{"rendered":"https:\/\/wp-studio.fi\/?page_id=48"},"modified":"2026-02-03T14:55:07","modified_gmt":"2026-02-03T12:55:07","slug":"etusivub","status":"publish","type":"page","link":"https:\/\/wp-studio.fi\/index.php\/etusivub\/","title":{"rendered":"EtusivuB"},"content":{"rendered":"\n<div class=\"wp-block-cover alignfull wp-duotone-unset-1\" style=\"margin-top:0;padding-top:48px;padding-right:48px;padding-bottom:48px;padding-left:48px;min-height:66vh;aspect-ratio:unset;\"><img loading=\"lazy\" decoding=\"async\" width=\"1024\" height=\"684\" class=\"wp-block-cover__image-background wp-image-43 size-large\" alt=\"\" src=\"https:\/\/wp-studio.fi\/wp-content\/uploads\/2026\/02\/sk-uVPV_nV17Tw-unsplash-1024x684.jpg\" data-object-fit=\"cover\" srcset=\"https:\/\/wp-studio.fi\/wp-content\/uploads\/2026\/02\/sk-uVPV_nV17Tw-unsplash-1024x684.jpg 1024w, https:\/\/wp-studio.fi\/wp-content\/uploads\/2026\/02\/sk-uVPV_nV17Tw-unsplash-300x200.jpg 300w, https:\/\/wp-studio.fi\/wp-content\/uploads\/2026\/02\/sk-uVPV_nV17Tw-unsplash-768x513.jpg 768w, https:\/\/wp-studio.fi\/wp-content\/uploads\/2026\/02\/sk-uVPV_nV17Tw-unsplash-1536x1025.jpg 1536w, https:\/\/wp-studio.fi\/wp-content\/uploads\/2026\/02\/sk-uVPV_nV17Tw-unsplash-2048x1367.jpg 2048w\" sizes=\"auto, (max-width: 1024px) 100vw, 1024px\" \/><span aria-hidden=\"true\" class=\"wp-block-cover__background has-background-dim-30 has-background-dim\" style=\"background-color:#4a3c24\"><\/span><div class=\"wp-block-cover__inner-container is-layout-flow wp-block-cover-is-layout-flow\">\n<div class=\"wp-block-group is-content-justification-left\"><div class=\"wp-block-group__inner-container is-layout-constrained wp-container-core-group-is-layout-7206f975 wp-block-group-is-layout-constrained\">\n<h2 class=\"wp-block-heading has-text-align-left has-white-color has-text-color\" style=\"font-size:100px;font-style:normal;font-weight:700;letter-spacing:0px;line-height:1;text-transform:uppercase\">N\u00e4lk\u00e4,<br>mik\u00e4 ihana<br>tekosyy<\/h2>\n\n\n\n<div style=\"height:20px\" aria-hidden=\"true\" class=\"wp-block-spacer\"><\/div>\n<\/div><\/div>\n\n\n\n<span class=\"glf-button\" data-glf-cuid=\"fe3440ff-40e8-4a4c-8e7d-5be3b33aa7f0\" data-glf-ruid=\"11c16ee2-7c4e-44e2-8b3f-19159071d8b1\" >Tilaa nyt<\/span>\n<script src=\"https:\/\/www.fbgcdn.com\/embedder\/js\/ewm2.js\" defer async ><\/script>\n<\/div><\/div>\n\n\n\n<div class=\"wp-block-group\" style=\"padding-top:50px;padding-bottom:50px\"><div class=\"wp-block-group__inner-container is-layout-constrained wp-block-group-is-layout-constrained\">\n<h2 class=\"wp-block-heading has-text-align-center\">Reilua fast foodia. Ei turhaa kikkailua.<\/h2>\n<\/div><\/div>\n\n\n\n<div style=\"height:69px\" aria-hidden=\"true\" class=\"wp-block-spacer\"><\/div>\n\n\n\n<div class=\"wp-block-group\"><div class=\"wp-block-group__inner-container is-layout-constrained wp-block-group-is-layout-constrained\">\n<div class=\"wp-block-columns is-layout-flex wp-container-core-columns-is-layout-9d6595d7 wp-block-columns-is-layout-flex\">\n<div class=\"wp-block-column is-layout-flow wp-block-column-is-layout-flow\">\n<h2 class=\"wp-block-heading\" style=\"font-size:60px;line-height:1.6\">PIZZAT<br>BURGERIT<br>KEBAB &amp; KANA<br>SALAATIT<\/h2>\n<\/div>\n\n\n\n<div class=\"wp-block-column is-layout-flow wp-block-column-is-layout-flow\">\n<figure class=\"wp-block-image size-large\"><img loading=\"lazy\" decoding=\"async\" width=\"1024\" height=\"683\" src=\"https:\/\/wp-studio.fi\/wp-content\/uploads\/2026\/01\/ivan-torres-MQUqbmszGGM-unsplash-2-1024x683.jpg\" alt=\"\" class=\"wp-image-11\" style=\"aspect-ratio:3\/2;object-fit:cover\" srcset=\"https:\/\/wp-studio.fi\/wp-content\/uploads\/2026\/01\/ivan-torres-MQUqbmszGGM-unsplash-2-1024x683.jpg 1024w, https:\/\/wp-studio.fi\/wp-content\/uploads\/2026\/01\/ivan-torres-MQUqbmszGGM-unsplash-2-300x200.jpg 300w, https:\/\/wp-studio.fi\/wp-content\/uploads\/2026\/01\/ivan-torres-MQUqbmszGGM-unsplash-2-768x512.jpg 768w, https:\/\/wp-studio.fi\/wp-content\/uploads\/2026\/01\/ivan-torres-MQUqbmszGGM-unsplash-2-1536x1024.jpg 1536w, https:\/\/wp-studio.fi\/wp-content\/uploads\/2026\/01\/ivan-torres-MQUqbmszGGM-unsplash-2-2048x1365.jpg 2048w\" sizes=\"auto, (max-width: 1024px) 100vw, 1024px\" \/><\/figure>\n<\/div>\n<\/div>\n<\/div><\/div>\n\n\n\n<div class=\"wp-block-group has-theme-palette-15-background-color has-background\" style=\"padding-top:80px;padding-bottom:80px\"><div class=\"wp-block-group__inner-container is-layout-constrained wp-block-group-is-layout-constrained\">\n<div class=\"wp-block-columns is-layout-flex wp-container-core-columns-is-layout-9d6595d7 wp-block-columns-is-layout-flex\">\n<div class=\"wp-block-column is-layout-flow wp-block-column-is-layout-flow\">\n<h3 class=\"wp-block-heading has-text-align-center has-theme-palette-9-color has-text-color has-link-color wp-elements-433603a66e69893bac4e1aaed5605a18\">Tilaa verkossa<\/h3>\n\n\n\n<p class=\"has-text-align-center has-theme-palette-9-color has-text-color has-link-color wp-elements-2a3829c7adcd4d304f088340da47af2e\">Helppo ja nopea verkkotilaus.<\/p>\n<\/div>\n\n\n\n<div class=\"wp-block-column is-layout-flow wp-block-column-is-layout-flow\">\n<h3 class=\"wp-block-heading has-text-align-center has-theme-palette-9-color has-text-color has-link-color wp-elements-bbf056767656cda926628053e7079733\">Nouto tai kotiin<\/h3>\n\n\n\n<p class=\"has-text-align-center has-theme-palette-9-color has-text-color has-link-color wp-elements-543f6173cc1c6728a7cf226aa233e09f\">Valitse sinulle sopivin tapa.<\/p>\n<\/div>\n\n\n\n<div class=\"wp-block-column is-layout-flow wp-block-column-is-layout-flow\">\n<h3 class=\"wp-block-heading has-text-align-center has-theme-palette-9-color has-text-color has-link-color wp-elements-02c93f05336e196b361ed0dd081b39e2\">Auki my\u00f6h\u00e4\u00e4n<\/h3>\n\n\n\n<p class=\"has-text-align-center has-theme-palette-9-color has-text-color has-link-color wp-elements-98f9cacefd472c571fb0f03a3e3d0471\">Kun n\u00e4lk\u00e4 iskee, me ollaan hereill\u00e4.<\/p>\n<\/div>\n<\/div>\n<\/div><\/div>\n\n\n\n<div class=\"wp-block-group\" style=\"padding-top:100px;padding-bottom:100px\"><div class=\"wp-block-group__inner-container is-layout-constrained wp-block-group-is-layout-constrained\">\n<h2 class=\"wp-block-heading has-text-align-center\" style=\"line-height:2\">Tilaa nyt. Sy\u00f6 hyvin.<\/h2>\n\n\n\n<div class=\"glf-center\">\n  <span class=\"glf-button\"\n        data-glf-cuid=\"fe3440ff-40e8-4a4c-8e7d-5be3b33aa7f0\"\n        data-glf-ruid=\"11c16ee2-7c4e-44e2-8b3f-19159071d8b1\">\n    Tilaa nyt\n  <\/span>\n<\/div>\n\n<script src=\"https:\/\/www.fbgcdn.com\/embedder\/js\/ewm2.js\" defer async><\/script>\n\n<style>\n  .glf-center{\n    width:100% !important;\n    display:flex !important;\n    justify-content:center !important;\n  }\n<\/style>\n<\/div><\/div>\n\n\n\n<div class=\"wp-block-group\" style=\"padding-top:80px;padding-bottom:80px\"><div class=\"wp-block-group__inner-container is-layout-constrained wp-block-group-is-layout-constrained\">\n<div class=\"wp-block-columns is-layout-flex wp-container-core-columns-is-layout-9d6595d7 wp-block-columns-is-layout-flex\">\n<div class=\"wp-block-column is-vertically-aligned-center has-theme-palette-3-color has-text-color has-link-color wp-elements-df8f940e537c85d120b0bd6aef379f3e is-layout-flow wp-block-column-is-layout-flow\">\n<h2 class=\"wp-block-heading has-text-align-center has-theme-palette-3-color has-text-color has-link-color wp-elements-c6b8737da729332c5d43bcb6dbdd6398\">Ravintola Demo<\/h2>\n\n\n\n<p class=\"has-text-align-center has-theme-palette-3-color has-text-color has-link-color wp-elements-0a5b72f8c638979cd555a8401918d569\">Osoite <\/p>\n\n\n\n<p class=\"has-text-align-center has-theme-palette-3-color has-text-color has-link-color wp-elements-224dd8e65f82c5dec17956f801986409\">Puhelinnumero<\/p>\n\n\n\n<p class=\"has-text-align-center has-theme-palette-3-color has-text-color has-link-color wp-elements-6b37397ce0fbbbde047500f894d0f236\">Aukioloajat<\/p>\n<\/div>\n\n\n\n<div class=\"wp-block-column is-layout-flow wp-block-column-is-layout-flow\" style=\"border-top-left-radius:0px;border-top-right-radius:0px;border-bottom-left-radius:0px;border-bottom-right-radius:0px;padding-top:0;padding-right:0;padding-bottom:0;padding-left:0\">\n<iframe src=\"https:\/\/www.google.com\/maps\/embed?pb=!1m18!1m12!1m3!1d1879.3953129931415!2d24.76388911261107!3d60.2029294749451!2m3!1f0!2f0!3f0!3m2!1i1024!2i768!4f13.1!3m3!1m2!1s0x468df4313394f15b%3A0x73d14994013aa679!2sVehkam%C3%A4ki%203%2C%2002180%20Espoo!5e1!3m2!1sen!2sfi!4v1770118245983!5m2!1sen!2sfi\" width=\"600\" height=\"450\" style=\"border:0;\" allowfullscreen=\"\" loading=\"lazy\" referrerpolicy=\"no-referrer-when-downgrade\"><\/iframe>\n<\/div>\n<\/div>\n<\/div><\/div>\n\n\n\n<div class=\"wp-block-group alignfull has-background-color\" style=\"margin-top:0;margin-bottom:0;padding-top:var(--wp--preset--spacing--40);padding-right:var(--wp--preset--spacing--30);padding-bottom:var(--wp--preset--spacing--40);padding-left:var(--wp--preset--spacing--30)\"><div class=\"wp-block-group__inner-container is-layout-constrained wp-container-core-group-is-layout-91a691eb wp-block-group-is-layout-constrained\">\n<div class=\"wp-block-group alignwide is-content-justification-space-between is-layout-flex wp-container-core-group-is-layout-256aec57 wp-block-group-is-layout-flex\">\n<div class=\"wp-block-group is-layout-flex wp-block-group-is-layout-flex\"><h1 class=\"wp-block-site-title has-small-font-size\"><a href=\"https:\/\/wp-studio.fi\" target=\"_self\" rel=\"home\">wp-studio<\/a><\/h1><\/div>\n\n\n\n<p class=\"has-small-font-size\"> Proudly powered by <a rel=\"nofollow\" href=\"https:\/\/wordpress.org\">WordPress<\/a> <\/p>\n<\/div>\n<\/div><\/div>\n\n\n\n<p><\/p>\n","protected":false},"excerpt":{"rendered":"<p>Reilua fast foodia. Ei turhaa kikkailua. PIZZATBURGERITKEBAB &amp; KANASALAATIT Tilaa verkossa Helppo ja nopea verkkotilaus. Nouto tai kotiin Valitse sinulle sopivin tapa. Auki my\u00f6h\u00e4\u00e4n Kun n\u00e4lk\u00e4 iskee, me ollaan hereill\u00e4. Tilaa nyt. Sy\u00f6 hyvin. Tilaa nyt Ravintola Demo Osoite Puhelinnumero Aukioloajat Proudly powered by WordPress<\/p>\n","protected":false},"author":1,"featured_media":0,"parent":0,"menu_order":0,"comment_status":"closed","ping_status":"closed","template":"","meta":{"_kad_post_transparent":"","_kad_post_title":"hide","_kad_post_layout":"fullwidth","_kad_post_sidebar_id":"","_kad_post_content_style":"","_kad_post_vertical_padding":"","_kad_post_feature":"","_kad_post_feature_position":"","_kad_post_header":false,"_kad_post_footer":false,"_kad_post_classname":"","footnotes":""},"class_list":["post-48","page","type-page","status-publish","hentry"],"_links":{"self":[{"href":"https:\/\/wp-studio.fi\/index.php\/wp-json\/wp\/v2\/pages\/48","targetHints":{"allow":["GET"]}}],"collection":[{"href":"https:\/\/wp-studio.fi\/index.php\/wp-json\/wp\/v2\/pages"}],"about":[{"href":"https:\/\/wp-studio.fi\/index.php\/wp-json\/wp\/v2\/types\/page"}],"author":[{"embeddable":true,"href":"https:\/\/wp-studio.fi\/index.php\/wp-json\/wp\/v2\/users\/1"}],"replies":[{"embeddable":true,"href":"https:\/\/wp-studio.fi\/index.php\/wp-json\/wp\/v2\/comments?post=48"}],"version-history":[{"count":6,"href":"https:\/\/wp-studio.fi\/index.php\/wp-json\/wp\/v2\/pages\/48\/revisions"}],"predecessor-version":[{"id":61,"href":"https:\/\/wp-studio.fi\/index.php\/wp-json\/wp\/v2\/pages\/48\/revisions\/61"}],"wp:attachment":[{"href":"https:\/\/wp-studio.fi\/index.php\/wp-json\/wp\/v2\/media?parent=48"}],"curies":[{"name":"wp","href":"https:\/\/api.w.org\/{rel}","templated":true}]}}