{"id":6,"date":"2026-01-23T14:32:46","date_gmt":"2026-01-23T12:32:46","guid":{"rendered":"https:\/\/wp-studio.fi\/?page_id=6"},"modified":"2026-02-03T14:52:12","modified_gmt":"2026-02-03T12:52:12","slug":"etusivu","status":"publish","type":"page","link":"https:\/\/wp-studio.fi\/index.php\/etusivu\/","title":{"rendered":"EtusivuA"},"content":{"rendered":"\n<div class=\"wp-block-group has-background\" style=\"background-color:#101010;min-height:0px;padding-top:7rem;padding-bottom:7rem\"><div class=\"wp-block-group__inner-container is-layout-flow wp-block-group-is-layout-flow\">\n<div class=\"wp-block-columns are-vertically-aligned-center is-layout-flex wp-container-core-columns-is-layout-7b1a0df4 wp-block-columns-is-layout-flex\" style=\"border-bottom-color:#ffffff1a;border-bottom-style:solid;border-bottom-width:1px;margin-bottom:3.7rem;padding-bottom:4rem\">\n<div class=\"wp-block-column is-vertically-aligned-center is-layout-flow wp-block-column-is-layout-flow\" style=\"flex-basis:55%\">\n<p class=\"has-white-color has-text-color has-link-color wp-elements-35b5d501bf02b021508281654ad4ce7d\" style=\"margin-bottom:15px;font-style:normal;font-weight:500\">Tuoretta pizzaa \u2013 nopeasti ja helposti<\/p>\n\n\n\n<h1 class=\"wp-block-heading has-white-color has-text-color has-link-color has-xx-large-font-size wp-elements-52d376079a686f9860290b505aa1e26c\" id=\"the-perfect-theme-for-stunning-websites\" style=\"margin-top:0;margin-bottom:20px;font-style:normal;font-weight:800;line-height:1.2\">Pizzaa suoraan uunista kotiovellesi<\/h1>\n\n\n\n<p class=\"has-white-color has-text-color has-link-color has-medium-font-size wp-elements-ee1261488f681b440a3ffaf93fc58dbc\" style=\"margin-bottom:50px\">Tilaa suosikkisi helposti verkossa. Nouto tai kotiinkuljetus \u2013 silloin kun sinulle sopii.<\/p>\n\n\n\n<span class=\"glf-button\" data-glf-cuid=\"fe3440ff-40e8-4a4c-8e7d-5be3b33aa7f0\" data-glf-ruid=\"11c16ee2-7c4e-44e2-8b3f-19159071d8b1\" >Tilaa nyt<\/span>\n<script src=\"https:\/\/www.fbgcdn.com\/embedder\/js\/ewm2.js\" defer async ><\/script>\n<\/div>\n\n\n\n<div class=\"wp-block-column is-vertically-aligned-center is-layout-flow wp-block-column-is-layout-flow\">\n<figure class=\"wp-block-image size-full has-custom-border\"><img loading=\"lazy\" decoding=\"async\" width=\"2119\" height=\"2560\" src=\"https:\/\/wp-studio.fi\/wp-content\/uploads\/2026\/01\/chad-montano-MqT0asuoIcU-unsplash-scaled.jpg\" alt=\"\" class=\"wp-image-8\" style=\"border-radius:25px;aspect-ratio:1;object-fit:cover\" srcset=\"https:\/\/wp-studio.fi\/wp-content\/uploads\/2026\/01\/chad-montano-MqT0asuoIcU-unsplash-scaled.jpg 2119w, https:\/\/wp-studio.fi\/wp-content\/uploads\/2026\/01\/chad-montano-MqT0asuoIcU-unsplash-248x300.jpg 248w, https:\/\/wp-studio.fi\/wp-content\/uploads\/2026\/01\/chad-montano-MqT0asuoIcU-unsplash-847x1024.jpg 847w, https:\/\/wp-studio.fi\/wp-content\/uploads\/2026\/01\/chad-montano-MqT0asuoIcU-unsplash-768x928.jpg 768w, https:\/\/wp-studio.fi\/wp-content\/uploads\/2026\/01\/chad-montano-MqT0asuoIcU-unsplash-1271x1536.jpg 1271w, https:\/\/wp-studio.fi\/wp-content\/uploads\/2026\/01\/chad-montano-MqT0asuoIcU-unsplash-1695x2048.jpg 1695w\" sizes=\"auto, (max-width: 2119px) 100vw, 2119px\" \/><\/figure>\n<\/div>\n<\/div>\n<\/div><\/div>\n\n\n\n<div style=\"height:80px\" aria-hidden=\"true\" class=\"wp-block-spacer\"><\/div>\n\n\n\n<div class=\"wp-block-group alignwide\"><div class=\"wp-block-group__inner-container is-layout-constrained wp-block-group-is-layout-constrained\">\n<h2 class=\"wp-block-heading has-text-align-center\">Miksi valita meid\u00e4t?<\/h2>\n\n\n\n<p class=\"has-text-align-center\">Nopea palvelu, selke\u00e4 menu ja herkullinen lopputulos \u2013 juuri niin kuin pit\u00e4\u00e4.<\/p>\n\n\n\n<div style=\"height:64px\" aria-hidden=\"true\" class=\"wp-block-spacer\"><\/div>\n\n\n\n<div class=\"wp-block-columns is-layout-flex wp-container-core-columns-is-layout-9d6595d7 wp-block-columns-is-layout-flex\">\n<div class=\"wp-block-column is-layout-flow wp-block-column-is-layout-flow\">\n<h3 class=\"wp-block-heading has-text-align-center\">Nopea toimitus<\/h3>\n\n\n\n<p class=\"has-text-align-center\">Saat ruoan nopeasti \u2013 nouto tai kotiinkuljetus.<\/p>\n<\/div>\n\n\n\n<div class=\"wp-block-column is-layout-flow wp-block-column-is-layout-flow\">\n<h3 class=\"wp-block-heading has-text-align-center\">Helppo tilaus verkosta<\/h3>\n\n\n\n<p class=\"has-text-align-center\">Tilaa parilla klikkauksella, ilman turhaa s\u00e4\u00e4t\u00f6\u00e4.<\/p>\n<\/div>\n\n\n\n<div class=\"wp-block-column is-layout-flow wp-block-column-is-layout-flow\">\n<h3 class=\"wp-block-heading\">Tuoreista raaka-aineista<\/h3>\n\n\n\n<p class=\"has-text-align-center\">Klassikot ja omat suosikit \u2013 aina uunituoreena.<\/p>\n<\/div>\n<\/div>\n<\/div><\/div>\n\n\n\n<div style=\"height:84px\" aria-hidden=\"true\" class=\"wp-block-spacer\"><\/div>\n\n\n\n<div class=\"wp-block-group\"><div class=\"wp-block-group__inner-container is-layout-constrained wp-block-group-is-layout-constrained\">\n<h2 class=\"wp-block-heading\">Suosituimmat pizzat<\/h2>\n\n\n\n<p>Valitse suosikkisi ja tilaa heti verkossa<\/p>\n\n\n\n<div class=\"wp-block-columns is-layout-flex wp-container-core-columns-is-layout-9d6595d7 wp-block-columns-is-layout-flex\">\n<div class=\"wp-block-column is-layout-flow wp-block-column-is-layout-flow\">\n<figure class=\"wp-block-image size-large\"><img loading=\"lazy\" decoding=\"async\" width=\"1024\" height=\"683\" src=\"https:\/\/wp-studio.fi\/wp-content\/uploads\/2026\/01\/ivan-torres-MQUqbmszGGM-unsplash-1-1024x683.jpg\" alt=\"\" class=\"wp-image-10\" srcset=\"https:\/\/wp-studio.fi\/wp-content\/uploads\/2026\/01\/ivan-torres-MQUqbmszGGM-unsplash-1-1024x683.jpg 1024w, https:\/\/wp-studio.fi\/wp-content\/uploads\/2026\/01\/ivan-torres-MQUqbmszGGM-unsplash-1-300x200.jpg 300w, https:\/\/wp-studio.fi\/wp-content\/uploads\/2026\/01\/ivan-torres-MQUqbmszGGM-unsplash-1-768x512.jpg 768w, https:\/\/wp-studio.fi\/wp-content\/uploads\/2026\/01\/ivan-torres-MQUqbmszGGM-unsplash-1-1536x1024.jpg 1536w, https:\/\/wp-studio.fi\/wp-content\/uploads\/2026\/01\/ivan-torres-MQUqbmszGGM-unsplash-1-2048x1365.jpg 2048w\" sizes=\"auto, (max-width: 1024px) 100vw, 1024px\" \/><\/figure>\n\n\n\n<h3 class=\"wp-block-heading\">Margherita<\/h3>\n\n\n\n<p>Tomaatikastike, mozzarella, oregano<\/p>\n\n\n\n<p><strong>9,90\u20ac<\/strong><\/p>\n<\/div>\n\n\n\n<div class=\"wp-block-column is-layout-flow wp-block-column-is-layout-flow\">\n<figure class=\"wp-block-image size-large\"><img loading=\"lazy\" decoding=\"async\" width=\"1024\" height=\"683\" src=\"https:\/\/wp-studio.fi\/wp-content\/uploads\/2026\/01\/ivan-torres-MQUqbmszGGM-unsplash-2-1024x683.jpg\" alt=\"\" class=\"wp-image-11\" srcset=\"https:\/\/wp-studio.fi\/wp-content\/uploads\/2026\/01\/ivan-torres-MQUqbmszGGM-unsplash-2-1024x683.jpg 1024w, https:\/\/wp-studio.fi\/wp-content\/uploads\/2026\/01\/ivan-torres-MQUqbmszGGM-unsplash-2-300x200.jpg 300w, https:\/\/wp-studio.fi\/wp-content\/uploads\/2026\/01\/ivan-torres-MQUqbmszGGM-unsplash-2-768x512.jpg 768w, https:\/\/wp-studio.fi\/wp-content\/uploads\/2026\/01\/ivan-torres-MQUqbmszGGM-unsplash-2-1536x1024.jpg 1536w, https:\/\/wp-studio.fi\/wp-content\/uploads\/2026\/01\/ivan-torres-MQUqbmszGGM-unsplash-2-2048x1365.jpg 2048w\" sizes=\"auto, (max-width: 1024px) 100vw, 1024px\" \/><\/figure>\n\n\n\n<h3 class=\"wp-block-heading\">Pepperoni<\/h3>\n\n\n\n<p>Tomaattikastike, mozzarella, pepperoni<\/p>\n\n\n\n<p><strong>11,90\u20ac<\/strong><\/p>\n<\/div>\n\n\n\n<div class=\"wp-block-column is-layout-flow wp-block-column-is-layout-flow\">\n<figure class=\"wp-block-image size-large\"><img loading=\"lazy\" decoding=\"async\" width=\"1024\" height=\"683\" src=\"https:\/\/wp-studio.fi\/wp-content\/uploads\/2026\/01\/ivan-torres-MQUqbmszGGM-unsplash-3-1024x683.jpg\" alt=\"\" class=\"wp-image-12\" srcset=\"https:\/\/wp-studio.fi\/wp-content\/uploads\/2026\/01\/ivan-torres-MQUqbmszGGM-unsplash-3-1024x683.jpg 1024w, https:\/\/wp-studio.fi\/wp-content\/uploads\/2026\/01\/ivan-torres-MQUqbmszGGM-unsplash-3-300x200.jpg 300w, https:\/\/wp-studio.fi\/wp-content\/uploads\/2026\/01\/ivan-torres-MQUqbmszGGM-unsplash-3-768x512.jpg 768w, https:\/\/wp-studio.fi\/wp-content\/uploads\/2026\/01\/ivan-torres-MQUqbmszGGM-unsplash-3-1536x1024.jpg 1536w, https:\/\/wp-studio.fi\/wp-content\/uploads\/2026\/01\/ivan-torres-MQUqbmszGGM-unsplash-3-2048x1365.jpg 2048w\" sizes=\"auto, (max-width: 1024px) 100vw, 1024px\" \/><\/figure>\n\n\n\n<h3 class=\"wp-block-heading\">Kebab special<\/h3>\n\n\n\n<p>Kebab, mozzarella, punasipuli, kastike<\/p>\n\n\n\n<p><strong>12,90\u20ac<\/strong><\/p>\n<\/div>\n<\/div>\n\n\n\n<div class=\"wp-block-columns is-layout-flex wp-container-core-columns-is-layout-9d6595d7 wp-block-columns-is-layout-flex\">\n<div class=\"wp-block-column is-layout-flow wp-block-column-is-layout-flow\">\n<figure class=\"wp-block-image size-large\"><img loading=\"lazy\" decoding=\"async\" width=\"1024\" height=\"683\" src=\"https:\/\/wp-studio.fi\/wp-content\/uploads\/2026\/01\/ivan-torres-MQUqbmszGGM-unsplash-1-1024x683.jpg\" alt=\"\" class=\"wp-image-10\" srcset=\"https:\/\/wp-studio.fi\/wp-content\/uploads\/2026\/01\/ivan-torres-MQUqbmszGGM-unsplash-1-1024x683.jpg 1024w, https:\/\/wp-studio.fi\/wp-content\/uploads\/2026\/01\/ivan-torres-MQUqbmszGGM-unsplash-1-300x200.jpg 300w, https:\/\/wp-studio.fi\/wp-content\/uploads\/2026\/01\/ivan-torres-MQUqbmszGGM-unsplash-1-768x512.jpg 768w, https:\/\/wp-studio.fi\/wp-content\/uploads\/2026\/01\/ivan-torres-MQUqbmszGGM-unsplash-1-1536x1024.jpg 1536w, https:\/\/wp-studio.fi\/wp-content\/uploads\/2026\/01\/ivan-torres-MQUqbmszGGM-unsplash-1-2048x1365.jpg 2048w\" sizes=\"auto, (max-width: 1024px) 100vw, 1024px\" \/><\/figure>\n\n\n\n<h3 class=\"wp-block-heading\">Tonno<\/h3>\n\n\n\n<p>Tonnikala, mozzarella, punasipuli<\/p>\n\n\n\n<p><strong>11,90\u20ac<\/strong><\/p>\n<\/div>\n\n\n\n<div class=\"wp-block-column is-layout-flow wp-block-column-is-layout-flow\">\n<figure class=\"wp-block-image size-large\"><img loading=\"lazy\" decoding=\"async\" width=\"1024\" height=\"683\" src=\"https:\/\/wp-studio.fi\/wp-content\/uploads\/2026\/01\/ivan-torres-MQUqbmszGGM-unsplash-2-1024x683.jpg\" alt=\"\" class=\"wp-image-11\" srcset=\"https:\/\/wp-studio.fi\/wp-content\/uploads\/2026\/01\/ivan-torres-MQUqbmszGGM-unsplash-2-1024x683.jpg 1024w, https:\/\/wp-studio.fi\/wp-content\/uploads\/2026\/01\/ivan-torres-MQUqbmszGGM-unsplash-2-300x200.jpg 300w, https:\/\/wp-studio.fi\/wp-content\/uploads\/2026\/01\/ivan-torres-MQUqbmszGGM-unsplash-2-768x512.jpg 768w, https:\/\/wp-studio.fi\/wp-content\/uploads\/2026\/01\/ivan-torres-MQUqbmszGGM-unsplash-2-1536x1024.jpg 1536w, https:\/\/wp-studio.fi\/wp-content\/uploads\/2026\/01\/ivan-torres-MQUqbmszGGM-unsplash-2-2048x1365.jpg 2048w\" sizes=\"auto, (max-width: 1024px) 100vw, 1024px\" \/><\/figure>\n\n\n\n<h3 class=\"wp-block-heading\">Vesuvio<\/h3>\n\n\n\n<p>Kinkku, mozzarella<\/p>\n\n\n\n<p><strong>10,90\u20ac<\/strong><\/p>\n<\/div>\n\n\n\n<div class=\"wp-block-column is-layout-flow wp-block-column-is-layout-flow\">\n<figure class=\"wp-block-image size-large\"><img loading=\"lazy\" decoding=\"async\" width=\"1024\" height=\"683\" src=\"https:\/\/wp-studio.fi\/wp-content\/uploads\/2026\/01\/ivan-torres-MQUqbmszGGM-unsplash-3-1024x683.jpg\" alt=\"\" class=\"wp-image-12\" srcset=\"https:\/\/wp-studio.fi\/wp-content\/uploads\/2026\/01\/ivan-torres-MQUqbmszGGM-unsplash-3-1024x683.jpg 1024w, https:\/\/wp-studio.fi\/wp-content\/uploads\/2026\/01\/ivan-torres-MQUqbmszGGM-unsplash-3-300x200.jpg 300w, https:\/\/wp-studio.fi\/wp-content\/uploads\/2026\/01\/ivan-torres-MQUqbmszGGM-unsplash-3-768x512.jpg 768w, https:\/\/wp-studio.fi\/wp-content\/uploads\/2026\/01\/ivan-torres-MQUqbmszGGM-unsplash-3-1536x1024.jpg 1536w, https:\/\/wp-studio.fi\/wp-content\/uploads\/2026\/01\/ivan-torres-MQUqbmszGGM-unsplash-3-2048x1365.jpg 2048w\" sizes=\"auto, (max-width: 1024px) 100vw, 1024px\" \/><\/figure>\n\n\n\n<h3 class=\"wp-block-heading\">Pollo BBQ<\/h3>\n\n\n\n<p>Kana, BBQ-kastike, mozzarella, punasipuli<\/p>\n\n\n\n<p><strong>12,90\u20ac<\/strong><\/p>\n<\/div>\n<\/div>\n<\/div><\/div>\n\n\n\n<div style=\"height:153px\" aria-hidden=\"true\" class=\"wp-block-spacer\"><\/div>\n\n\n\n<div id=\"tilaus\" class=\"wp-block-group\"><div class=\"wp-block-group__inner-container is-layout-constrained wp-block-group-is-layout-constrained\">\n<h2 class=\"wp-block-heading has-text-align-center\">Tilaa helposti verkossa <\/h2>\n\n\n\n<p class=\"has-text-align-center\">Nouto tai kotiinkuljetus \u2013 valitse tapa ja aika<\/p>\n\n\n\n<div class=\"wp-block-columns are-vertically-aligned-center is-layout-flex wp-container-core-columns-is-layout-9d6595d7 wp-block-columns-is-layout-flex\">\n<div class=\"wp-block-column is-vertically-aligned-center is-layout-flow wp-block-column-is-layout-flow\"><\/div>\n\n\n\n<div class=\"wp-block-column is-vertically-aligned-center is-layout-flow wp-block-column-is-layout-flow\">\n<div class=\"glf-center\">\n  <span class=\"glf-button\"\n        data-glf-cuid=\"fe3440ff-40e8-4a4c-8e7d-5be3b33aa7f0\"\n        data-glf-ruid=\"11c16ee2-7c4e-44e2-8b3f-19159071d8b1\">\n    Tilaa nyt\n  <\/span>\n<\/div>\n\n<script src=\"https:\/\/www.fbgcdn.com\/embedder\/js\/ewm2.js\" defer async><\/script>\n\n<style>\n  .glf-center{\n    width:100% !important;\n    display:flex !important;\n    justify-content:center !important;\n  }\n<\/style>\n\n<\/div>\n\n\n\n<div class=\"wp-block-column is-vertically-aligned-center is-layout-flow wp-block-column-is-layout-flow\"><\/div>\n<\/div>\n\n\n\n<p class=\"has-text-align-center\">Ei rekister\u00f6itymist\u00e4. Maksu kuljettajalle tai noudettaessa.<\/p>\n<\/div><\/div>\n\n\n\n<div style=\"height:100px\" aria-hidden=\"true\" class=\"wp-block-spacer\"><\/div>\n\n\n\n<div class=\"wp-block-group has-palette-color-6-background-color has-background\"><div class=\"wp-block-group__inner-container is-layout-constrained wp-block-group-is-layout-constrained\">\n<h2 class=\"wp-block-heading\">Aukioloajat &amp; yhteystiedot<\/h2>\n\n\n\n<p>Tervetuloa noutamaan tai tilaa kotiinkuljetuksella.<\/p>\n\n\n\n<div class=\"wp-block-columns is-layout-flex wp-container-core-columns-is-layout-9d6595d7 wp-block-columns-is-layout-flex\">\n<div class=\"wp-block-column is-layout-flow wp-block-column-is-layout-flow\">\n<h3 class=\"wp-block-heading\">Aukioloajat<\/h3>\n\n\n\n<p>Ma\u2013Pe: 10:30\u201321:00<br>La: 11:00\u201322:00<br>Su: 12:00\u201321:00<\/p>\n\n\n\n<h3 class=\"wp-block-heading\">Yhteystiedot<\/h3>\n\n\n\n<p>\ud83d\udccd Esimerkkikatu 12, 00100 Helsinki<\/p>\n\n\n\n<p>\ud83d\udcde 040 123 4567<\/p>\n<\/div>\n\n\n\n<div class=\"wp-block-column is-layout-flow wp-block-column-is-layout-flow\">\n<iframe \n  src=\"https:\/\/www.google.com\/maps?q=Helsinki&#038;output=embed\"\n  width=\"100%\" \n  height=\"300\" \n  style=\"border:0;\" \n  allowfullscreen=\"\" \n  loading=\"lazy\">\n<\/iframe>\n<\/div>\n<\/div>\n<\/div><\/div>\n\n\n\n<div class=\"wp-block-group has-white-color has-black-background-color has-text-color has-background has-link-color wp-elements-ec2bc26143c9b2271be0bd356e632db0\"><div class=\"wp-block-group__inner-container is-layout-constrained wp-block-group-is-layout-constrained\">\n<div class=\"wp-block-columns is-layout-flex wp-container-core-columns-is-layout-9d6595d7 wp-block-columns-is-layout-flex\">\n<div class=\"wp-block-column is-layout-flow wp-block-column-is-layout-flow\">\n<h4 class=\"wp-block-heading has-text-align-center has-palette-color-8-color has-text-color has-link-color wp-elements-78b81742d154a62e7ee41ceffbd57172\">Pizzeria Demo<\/h4>\n\n\n\n<p class=\"has-text-align-center\">Tuoretta pizzaa \u2013 nopeasti ja helposti.<\/p>\n<\/div>\n\n\n\n<div class=\"wp-block-column is-layout-flow wp-block-column-is-layout-flow\">\n<h4 class=\"wp-block-heading has-text-align-center has-white-color has-text-color has-link-color wp-elements-8128f73e7e9099f635a93e6eef8e20bf\">Yhteystiedot<\/h4>\n\n\n\n<p class=\"has-text-align-center\">Esimerkkikatu 12, 00100 Helsinki<br>040 123 4567<\/p>\n<\/div>\n\n\n\n<div class=\"wp-block-column is-layout-flow wp-block-column-is-layout-flow\">\n<h4 class=\"wp-block-heading has-text-align-center has-white-color has-text-color has-link-color wp-elements-2293c4024eff80a5fd838d1bd364c6e1\">Linkit<\/h4>\n\n\n\n<p class=\"has-text-align-center\">Etusivu<\/p>\n\n\n\n<p class=\"has-text-align-center\">Menu<\/p>\n\n\n\n<p class=\"has-text-align-center\">Yhteystiedot<\/p>\n<\/div>\n<\/div>\n\n\n\n<hr class=\"wp-block-separator has-text-color has-white-color has-alpha-channel-opacity has-white-background-color has-background is-style-default\" style=\"margin-top:0;margin-bottom:0\"\/>\n\n\n\n<p><\/p>\n\n\n\n<p class=\"has-text-align-center\">\u00a9 2026 Pizzeria Demo \u2022 Kaikki oikeudet pid\u00e4tet\u00e4\u00e4n<\/p>\n<\/div><\/div>\n\n\n\n<p><\/p>\n","protected":false},"excerpt":{"rendered":"<p>Tuoretta pizzaa \u2013 nopeasti ja helposti Pizzaa suoraan uunista kotiovellesi Tilaa suosikkisi helposti verkossa. Nouto tai kotiinkuljetus \u2013 silloin kun sinulle sopii. Tilaa nyt Miksi valita meid\u00e4t? Nopea palvelu, selke\u00e4 menu ja herkullinen lopputulos \u2013 juuri niin kuin pit\u00e4\u00e4. Nopea toimitus Saat ruoan nopeasti \u2013 nouto tai kotiinkuljetus. Helppo tilaus verkosta Tilaa parilla klikkauksella, ilman&#8230;<\/p>\n","protected":false},"author":1,"featured_media":0,"parent":0,"menu_order":0,"comment_status":"closed","ping_status":"closed","template":"","meta":{"_kad_post_transparent":"","_kad_post_title":"","_kad_post_layout":"","_kad_post_sidebar_id":"","_kad_post_content_style":"","_kad_post_vertical_padding":"","_kad_post_feature":"","_kad_post_feature_position":"","_kad_post_header":false,"_kad_post_footer":false,"_kad_post_classname":"","footnotes":""},"class_list":["post-6","page","type-page","status-publish","hentry"],"_links":{"self":[{"href":"https:\/\/wp-studio.fi\/index.php\/wp-json\/wp\/v2\/pages\/6","targetHints":{"allow":["GET"]}}],"collection":[{"href":"https:\/\/wp-studio.fi\/index.php\/wp-json\/wp\/v2\/pages"}],"about":[{"href":"https:\/\/wp-studio.fi\/index.php\/wp-json\/wp\/v2\/types\/page"}],"author":[{"embeddable":true,"href":"https:\/\/wp-studio.fi\/index.php\/wp-json\/wp\/v2\/users\/1"}],"replies":[{"embeddable":true,"href":"https:\/\/wp-studio.fi\/index.php\/wp-json\/wp\/v2\/comments?post=6"}],"version-history":[{"count":7,"href":"https:\/\/wp-studio.fi\/index.php\/wp-json\/wp\/v2\/pages\/6\/revisions"}],"predecessor-version":[{"id":60,"href":"https:\/\/wp-studio.fi\/index.php\/wp-json\/wp\/v2\/pages\/6\/revisions\/60"}],"wp:attachment":[{"href":"https:\/\/wp-studio.fi\/index.php\/wp-json\/wp\/v2\/media?parent=6"}],"curies":[{"name":"wp","href":"https:\/\/api.w.org\/{rel}","templated":true}]}}